{"id":3583,"date":"2021-03-04T13:10:40","date_gmt":"2021-03-04T13:10:40","guid":{"rendered":"https:\/\/www.omegaplatanias.gr\/facilities-2\/"},"modified":"2023-01-10T09:17:26","modified_gmt":"2023-01-10T07:17:26","slug":"palvelut","status":"publish","type":"page","link":"https:\/\/www.omegaplatanias.gr\/fi\/palvelut\/","title":{"rendered":"Palvelut"},"content":{"rendered":"\t\t<div data-elementor-type=\"wp-page\" data-elementor-id=\"3583\" class=\"elementor elementor-3583 elementor-1857\" data-elementor-settings=\"[]\">\n\t\t\t\t\t\t<div class=\"elementor-inner\">\n\t\t\t\t\t\t\t<div class=\"elementor-section-wrap\">\n\t\t\t\t\t\t\t<section class=\"elementor-section elementor-top-section elementor-element elementor-element-641d1d59 elementor-section-height-min-height gallery elementor-section-boxed elementor-section-height-default elementor-section-items-middle\" data-id=\"641d1d59\" data-element_type=\"section\" data-settings=\"{&quot;background_background&quot;:&quot;classic&quot;}\">\n\t\t\t\t\t\t\t<div class=\"elementor-background-overlay\"><\/div>\n\t\t\t\t\t\t\t<div class=\"elementor-container elementor-column-gap-default\">\n\t\t\t\t\t\t\t<div class=\"elementor-row\">\n\t\t\t\t\t<div class=\"elementor-column elementor-col-100 elementor-top-column elementor-element elementor-element-1b6560c5\" data-id=\"1b6560c5\" data-element_type=\"column\">\n\t\t\t<div class=\"elementor-column-wrap elementor-element-populated\">\n\t\t\t\t\t\t\t<div class=\"elementor-widget-wrap\">\n\t\t\t\t\t\t<div class=\"elementor-element elementor-element-2d6f55a7 elementor-widget elementor-widget-text-editor\" data-id=\"2d6f55a7\" data-element_type=\"widget\" data-widget_type=\"text-editor.default\">\n\t\t\t\t<div class=\"elementor-widget-container\">\n\t\t\t\t\t<div class=\"elementor-text-editor elementor-clearfix\"><p>Facilities<\/p><\/div>\n\t\t\t\t<\/div>\n\t\t\t\t<\/div>\n\t\t\t\t\t\t<\/div>\n\t\t\t\t\t<\/div>\n\t\t<\/div>\n\t\t\t\t\t\t\t\t<\/div>\n\t\t\t\t\t<\/div>\n\t\t<\/section>\n\t\t\t\t<section class=\"elementor-section elementor-top-section elementor-element elementor-element-aae9712 elementor-section-boxed elementor-section-height-default elementor-section-height-default\" data-id=\"aae9712\" data-element_type=\"section\">\n\t\t\t\t\t\t<div class=\"elementor-container elementor-column-gap-default\">\n\t\t\t\t\t\t\t<div class=\"elementor-row\">\n\t\t\t\t\t<div class=\"elementor-column elementor-col-100 elementor-top-column elementor-element elementor-element-ed00078\" data-id=\"ed00078\" data-element_type=\"column\">\n\t\t\t<div class=\"elementor-column-wrap elementor-element-populated\">\n\t\t\t\t\t\t\t<div class=\"elementor-widget-wrap\">\n\t\t\t\t\t\t<div class=\"elementor-element elementor-element-9836ca0 elementor-widget elementor-widget-heading\" data-id=\"9836ca0\" data-element_type=\"widget\" data-widget_type=\"heading.default\">\n\t\t\t\t<div class=\"elementor-widget-container\">\n\t\t\t<h1 class=\"elementor-heading-title elementor-size-default\">'Omega Platanias Hotel Village' n tilat ja palvelutarjonta<\/h1>\t\t<\/div>\n\t\t\t\t<\/div>\n\t\t\t\t<section class=\"elementor-section elementor-inner-section elementor-element elementor-element-be56b9d elementor-section-boxed elementor-section-height-default elementor-section-height-default\" data-id=\"be56b9d\" data-element_type=\"section\">\n\t\t\t\t\t\t<div class=\"elementor-container elementor-column-gap-default\">\n\t\t\t\t\t\t\t<div class=\"elementor-row\">\n\t\t\t\t\t<div class=\"elementor-column elementor-col-50 elementor-inner-column elementor-element elementor-element-2abca58\" data-id=\"2abca58\" data-element_type=\"column\">\n\t\t\t<div class=\"elementor-column-wrap elementor-element-populated\">\n\t\t\t\t\t\t\t<div class=\"elementor-widget-wrap\">\n\t\t\t\t\t\t<div class=\"elementor-element elementor-element-51c7bd5 elementor-widget elementor-widget-text-editor\" data-id=\"51c7bd5\" data-element_type=\"widget\" data-widget_type=\"text-editor.default\">\n\t\t\t\t<div class=\"elementor-widget-container\">\n\t\t\t\t\t<div class=\"elementor-text-editor elementor-clearfix\"><div id=\"ultimate-heading608acfb1d4d01\" class=\"uvc-heading uvc-6479 \" data-hspacer=\"no_spacer\" data-halign=\"center\"><div class=\"uvc-sub-heading ult-responsive\" data-ultimate-target=\"#ultimate-heading608acfb1d4d01 .uvc-sub-heading \" data-responsive-json-new=\"{&quot;font-size&quot;:&quot;&quot;,&quot;line-height&quot;:&quot;&quot;}\">Omega Platanias Hotel Village eroaa eniten muista hotellialueista erity\u00edsesti rakennusten jaoittelun ja sijoittelun ansioista, jolloin se pystyy<br \/>tarjoamaan laadukasta palvelua asiakkailleen. Hotellin tilat sis\u00e4lt\u00e4\u00e4:<\/div><\/div><div class=\"wpb_text_column wpb_content_element \"><div class=\"wpb_wrapper\"><h5>Reception:<\/h5><\/div><\/div><\/div>\n\t\t\t\t<\/div>\n\t\t\t\t<\/div>\n\t\t\t\t<div class=\"elementor-element elementor-element-bc22c0f facilitiestabs elementor-tabs-view-horizontal elementor-widget elementor-widget-tabs\" data-id=\"bc22c0f\" data-element_type=\"widget\" data-widget_type=\"tabs.default\">\n\t\t\t\t<div class=\"elementor-widget-container\">\n\t\t\t\t\t<div class=\"elementor-tabs\">\n\t\t\t<div class=\"elementor-tabs-wrapper\" role=\"tablist\" >\n\t\t\t\t\t\t\t\t\t<div id=\"elementor-tab-title-1971\" class=\"elementor-tab-title elementor-tab-desktop-title\" aria-selected=\"true\" data-tab=\"1\" role=\"tab\" tabindex=\"0\" aria-controls=\"elementor-tab-content-1971\"><a href=\"\">Tilat<\/a><\/div>\n\t\t\t\t\t\t\t\t\t<div id=\"elementor-tab-title-1972\" class=\"elementor-tab-title elementor-tab-desktop-title\" aria-selected=\"false\" data-tab=\"2\" role=\"tab\" tabindex=\"-1\" aria-controls=\"elementor-tab-content-1972\"><a href=\"\">Vastaanotto<\/a><\/div>\n\t\t\t\t\t\t\t\t\t<div id=\"elementor-tab-title-1973\" class=\"elementor-tab-title elementor-tab-desktop-title\" aria-selected=\"false\" data-tab=\"3\" role=\"tab\" tabindex=\"-1\" aria-controls=\"elementor-tab-content-1973\"><a href=\"\">Palvelut<\/a><\/div>\n\t\t\t\t\t\t\t\t\t<div id=\"elementor-tab-title-1974\" class=\"elementor-tab-title elementor-tab-desktop-title\" aria-selected=\"false\" data-tab=\"4\" role=\"tab\" tabindex=\"-1\" aria-controls=\"elementor-tab-content-1974\"><a href=\"\">Palvelut pyynn\u00f6st\u00e4<\/a><\/div>\n\t\t\t\t\t\t\t<\/div>\n\t\t\t<div class=\"elementor-tabs-content-wrapper\" role=\"tablist\" aria-orientation=\"vertical\">\n\t\t\t\t\t\t\t\t\t<div class=\"elementor-tab-title elementor-tab-mobile-title\" aria-selected=\"true\" data-tab=\"1\" role=\"tab\" tabindex=\"0\" aria-controls=\"elementor-tab-content-1971\">Tilat<\/div>\n\t\t\t\t\t<div id=\"elementor-tab-content-1971\" class=\"elementor-tab-content elementor-clearfix\" data-tab=\"1\" role=\"tabpanel\" aria-labelledby=\"elementor-tab-title-1971\" tabindex=\"0\" hidden=\"false\"><ul><li>Huoneiden parvekkeet ja terassit<\/li><li>Automaattinen y\u00f6valaistus<\/li><li>Hiljainen integroitu ilmastointij\u00e4rjestelm\u00e4 (l\u00e4mmitys \/ j\u00e4\u00e4hdytys)<\/li><li>Suora puhelinlinja<\/li><li>Langaton laajakaistayhteys<\/li><li>Television katseluun paikallisia kanavia ja BBC<\/li><li>Hiustenkuivaaja<\/li><li>Tallelokero<\/li><\/ul><\/div>\n\t\t\t\t\t\t\t\t\t<div class=\"elementor-tab-title elementor-tab-mobile-title\" aria-selected=\"false\" data-tab=\"2\" role=\"tab\" tabindex=\"-1\" aria-controls=\"elementor-tab-content-1972\">Vastaanotto<\/div>\n\t\t\t\t\t<div id=\"elementor-tab-content-1972\" class=\"elementor-tab-content elementor-clearfix\" data-tab=\"2\" role=\"tabpanel\" aria-labelledby=\"elementor-tab-title-1972\" tabindex=\"0\" hidden=\"hidden\"><ul><li>Vastaanotto on avoinna klo 8.00\u201323.00<\/li><\/ul><\/div>\n\t\t\t\t\t\t\t\t\t<div class=\"elementor-tab-title elementor-tab-mobile-title\" aria-selected=\"false\" data-tab=\"3\" role=\"tab\" tabindex=\"-1\" aria-controls=\"elementor-tab-content-1973\">Palvelut<\/div>\n\t\t\t\t\t<div id=\"elementor-tab-content-1973\" class=\"elementor-tab-content elementor-clearfix\" data-tab=\"3\" role=\"tabpanel\" aria-labelledby=\"elementor-tab-title-1973\" tabindex=\"0\" hidden=\"hidden\"><ul>\n \t<li>Uima-allasbaari (aamiainen, lounas, juomat, jne.)<\/li>\n \t<li>Huoneen siivous 6 kertaa viikossa<\/li>\n \t<li>Lakanoiden vaihto kerran viikossa<\/li>\n \t<li>Pyyhkeiden vaihto kahdesti viikossa<\/li>\n<\/ul>\nHuom: ylim\u00e4\u00e4r\u00e4inen liinavaatteiden \/ pyyhkeiden vaihto on mahdollista pyynn\u00f6st\u00e4<\/div>\n\t\t\t\t\t\t\t\t\t<div class=\"elementor-tab-title elementor-tab-mobile-title\" aria-selected=\"false\" data-tab=\"4\" role=\"tab\" tabindex=\"-1\" aria-controls=\"elementor-tab-content-1974\">Palvelut pyynn\u00f6st\u00e4<\/div>\n\t\t\t\t\t<div id=\"elementor-tab-content-1974\" class=\"elementor-tab-content elementor-clearfix\" data-tab=\"4\" role=\"tabpanel\" aria-labelledby=\"elementor-tab-title-1974\" tabindex=\"0\" hidden=\"hidden\"><ul><li>Yksityiset juhlat ja illalliset<\/li><li>Pesula &amp; Kemiallinen pesu<\/li><li>P\u00e4ivyst\u00e4v\u00e4 l\u00e4\u00e4k\u00e4rin kutsuminen paikalle<\/li><li>Taksin tilaus lentokent\u00e4lle ja\/tai lentokent\u00e4lt\u00e4 hotellille<\/li><li>Autonvuokraus<\/li><li>P\u00e4\u00e4sylippuja vesipuistoon ja paikalliseen minijunaan<\/li><li>Avustusta omatoimimatkojen j\u00e4rjestelyiss\u00e4 Kreetalla<\/li><li>Lastentarvikkeiden lainaus (lastens\u00e4ngyt ja sy\u00f6tt\u00f6tuolit)<\/li><\/ul><\/div>\n\t\t\t\t\t\t\t<\/div>\n\t\t<\/div>\n\t\t\t\t<\/div>\n\t\t\t\t<\/div>\n\t\t\t\t\t\t<\/div>\n\t\t\t\t\t<\/div>\n\t\t<\/div>\n\t\t\t\t<div class=\"elementor-column elementor-col-50 elementor-inner-column elementor-element elementor-element-7f0ff3d\" data-id=\"7f0ff3d\" data-element_type=\"column\">\n\t\t\t<div class=\"elementor-column-wrap elementor-element-populated\">\n\t\t\t\t\t\t\t<div class=\"elementor-widget-wrap\">\n\t\t\t\t\t\t<div class=\"elementor-element elementor-element-ac9e4cc elementor-arrows-position-inside elementor-pagination-position-outside elementor-widget elementor-widget-image-carousel\" data-id=\"ac9e4cc\" data-element_type=\"widget\" data-settings=\"{&quot;slides_to_show&quot;:&quot;1&quot;,&quot;slides_to_show_tablet&quot;:&quot;1&quot;,&quot;navigation&quot;:&quot;both&quot;,&quot;autoplay&quot;:&quot;yes&quot;,&quot;pause_on_hover&quot;:&quot;yes&quot;,&quot;pause_on_interaction&quot;:&quot;yes&quot;,&quot;autoplay_speed&quot;:5000,&quot;infinite&quot;:&quot;yes&quot;,&quot;effect&quot;:&quot;slide&quot;,&quot;speed&quot;:500}\" data-widget_type=\"image-carousel.default\">\n\t\t\t\t<div class=\"elementor-widget-container\">\n\t\t\t\t\t<div class=\"elementor-image-carousel-wrapper swiper-container\" dir=\"ltr\">\n\t\t\t<div class=\"elementor-image-carousel swiper-wrapper\">\n\t\t\t\t<div class=\"swiper-slide\"><figure class=\"swiper-slide-inner\"><img decoding=\"async\" class=\"swiper-slide-image\" src=\"https:\/\/www.omegaplatanias.gr\/wp-content\/uploads\/2021\/03\/111Untitled-1.jpg\" alt=\"111Untitled-1\" \/><\/figure><\/div><div class=\"swiper-slide\"><figure class=\"swiper-slide-inner\"><img decoding=\"async\" class=\"swiper-slide-image\" src=\"https:\/\/www.omegaplatanias.gr\/wp-content\/uploads\/2021\/03\/DSC_6937-e1614867288374.jpg\" alt=\"DSC_6937\" \/><\/figure><\/div><div class=\"swiper-slide\"><figure class=\"swiper-slide-inner\"><img decoding=\"async\" class=\"swiper-slide-image\" src=\"https:\/\/www.omegaplatanias.gr\/wp-content\/uploads\/2021\/03\/11111111111Untitled-1.jpg\" alt=\"11111111111Untitled-1\" \/><\/figure><\/div><div class=\"swiper-slide\"><figure class=\"swiper-slide-inner\"><img decoding=\"async\" class=\"swiper-slide-image\" src=\"https:\/\/www.omegaplatanias.gr\/wp-content\/uploads\/2021\/03\/AnyConv.com__omega-bar-rest0002.jpg\" alt=\"AnyConv.com__omega-bar-rest0002\" \/><\/figure><\/div><div class=\"swiper-slide\"><figure class=\"swiper-slide-inner\"><img decoding=\"async\" class=\"swiper-slide-image\" src=\"https:\/\/www.omegaplatanias.gr\/wp-content\/uploads\/2021\/03\/AnyConv.com__aagood-giannis0009-1-e1614867273950.jpg\" alt=\"AnyConv.com__aagood-giannis0009\" \/><\/figure><\/div>\t\t\t<\/div>\n\t\t\t\t\t\t\t\t\t\t\t\t<div class=\"swiper-pagination\"><\/div>\n\t\t\t\t\t\t\t\t\t\t\t\t\t<div class=\"elementor-swiper-button elementor-swiper-button-prev\">\n\t\t\t\t\t\t<i class=\"eicon-chevron-left\" aria-hidden=\"true\"><\/i>\n\t\t\t\t\t\t<span class=\"elementor-screen-only\">Edellinen<\/span>\n\t\t\t\t\t<\/div>\n\t\t\t\t\t<div class=\"elementor-swiper-button elementor-swiper-button-next\">\n\t\t\t\t\t\t<i class=\"eicon-chevron-right\" aria-hidden=\"true\"><\/i>\n\t\t\t\t\t\t<span class=\"elementor-screen-only\">Seuraava<\/span>\n\t\t\t\t\t<\/div>\n\t\t\t\t\t\t\t\t\t<\/div>\n\t\t\t\t<\/div>\n\t\t\t\t<\/div>\n\t\t\t\t\t\t<\/div>\n\t\t\t\t\t<\/div>\n\t\t<\/div>\n\t\t\t\t\t\t\t\t<\/div>\n\t\t\t\t\t<\/div>\n\t\t<\/section>\n\t\t\t\t\t\t<\/div>\n\t\t\t\t\t<\/div>\n\t\t<\/div>\n\t\t\t\t\t\t\t\t<\/div>\n\t\t\t\t\t<\/div>\n\t\t<\/section>\n\t\t\t\t\t\t<\/div>\n\t\t\t\t\t\t<\/div>\n\t\t\t\t\t<\/div>\n\t\t","protected":false},"excerpt":{"rendered":"<p>Facilities &#8217;Omega Platanias Hotel Village&#8217; n tilat ja palvelutarjonta Omega Platanias Hotel Village eroaa eniten muista hotellialueista erity\u00edsesti rakennusten jaoittelun ja sijoittelun ansioista, jolloin se pystyytarjoamaan laadukasta palvelua asiakkailleen. Hotellin tilat sis\u00e4lt\u00e4\u00e4: Reception: Tilat Vastaanotto Palvelut Palvelut pyynn\u00f6st\u00e4 Tilat Huoneiden parvekkeet ja terassit Automaattinen y\u00f6valaistus Hiljainen integroitu ilmastointij\u00e4rjestelm\u00e4 (l\u00e4mmitys \/ j\u00e4\u00e4hdytys) Suora puhelinlinja Langaton laajakaistayhteys &hellip;<\/p>\n<p class=\"read-more\"> <a class=\"\" href=\"https:\/\/www.omegaplatanias.gr\/fi\/palvelut\/\"> <span class=\"screen-reader-text\">Palvelut<\/span> Lue lis\u00e4\u00e4 &raquo;<\/a><\/p>\n","protected":false},"author":1,"featured_media":0,"parent":0,"menu_order":0,"comment_status":"closed","ping_status":"closed","template":"","meta":{"footnotes":""},"class_list":["post-3583","page","type-page","status-publish","hentry"],"_links":{"self":[{"href":"https:\/\/www.omegaplatanias.gr\/fi\/wp-json\/wp\/v2\/pages\/3583","targetHints":{"allow":["GET"]}}],"collection":[{"href":"https:\/\/www.omegaplatanias.gr\/fi\/wp-json\/wp\/v2\/pages"}],"about":[{"href":"https:\/\/www.omegaplatanias.gr\/fi\/wp-json\/wp\/v2\/types\/page"}],"author":[{"embeddable":true,"href":"https:\/\/www.omegaplatanias.gr\/fi\/wp-json\/wp\/v2\/users\/1"}],"replies":[{"embeddable":true,"href":"https:\/\/www.omegaplatanias.gr\/fi\/wp-json\/wp\/v2\/comments?post=3583"}],"version-history":[{"count":20,"href":"https:\/\/www.omegaplatanias.gr\/fi\/wp-json\/wp\/v2\/pages\/3583\/revisions"}],"predecessor-version":[{"id":6818,"href":"https:\/\/www.omegaplatanias.gr\/fi\/wp-json\/wp\/v2\/pages\/3583\/revisions\/6818"}],"wp:attachment":[{"href":"https:\/\/www.omegaplatanias.gr\/fi\/wp-json\/wp\/v2\/media?parent=3583"}],"curies":[{"name":"wp","href":"https:\/\/api.w.org\/{rel}","templated":true}]}}