{"id":5116,"date":"2021-09-02T11:31:13","date_gmt":"2021-09-02T08:31:13","guid":{"rendered":"https:\/\/www.omegaplatanias.gr\/coco-mat\/"},"modified":"2021-09-14T14:47:41","modified_gmt":"2021-09-14T11:47:41","slug":"coco-mat","status":"publish","type":"page","link":"https:\/\/www.omegaplatanias.gr\/fi\/coco-mat\/","title":{"rendered":"Coco-mat fi"},"content":{"rendered":"\t\t<div data-elementor-type=\"wp-page\" data-elementor-id=\"5116\" class=\"elementor elementor-5116 elementor-5002\" data-elementor-settings=\"[]\">\n\t\t\t\t\t\t<div class=\"elementor-inner\">\n\t\t\t\t\t\t\t<div class=\"elementor-section-wrap\">\n\t\t\t\t\t\t\t<section class=\"elementor-section elementor-top-section elementor-element elementor-element-90d4e45 elementor-section-height-min-height gallery elementor-section-boxed elementor-section-height-default elementor-section-items-middle\" data-id=\"90d4e45\" data-element_type=\"section\" data-settings=\"{&quot;background_background&quot;:&quot;classic&quot;}\">\n\t\t\t\t\t\t\t<div class=\"elementor-background-overlay\"><\/div>\n\t\t\t\t\t\t\t<div class=\"elementor-container elementor-column-gap-default\">\n\t\t\t\t\t\t\t<div class=\"elementor-row\">\n\t\t\t\t\t<div class=\"elementor-column elementor-col-100 elementor-top-column elementor-element elementor-element-1f4f67b\" data-id=\"1f4f67b\" data-element_type=\"column\">\n\t\t\t<div class=\"elementor-column-wrap elementor-element-populated\">\n\t\t\t\t\t\t\t<div class=\"elementor-widget-wrap\">\n\t\t\t\t\t\t<div class=\"elementor-element elementor-element-82ada81 elementor-widget elementor-widget-text-editor\" data-id=\"82ada81\" data-element_type=\"widget\" data-widget_type=\"text-editor.default\">\n\t\t\t\t<div class=\"elementor-widget-container\">\n\t\t\t\t\t<div class=\"elementor-text-editor elementor-clearfix\">COCO-MAT<\/div>\n\t\t\t\t<\/div>\n\t\t\t\t<\/div>\n\t\t\t\t\t\t<\/div>\n\t\t\t\t\t<\/div>\n\t\t<\/div>\n\t\t\t\t\t\t\t\t<\/div>\n\t\t\t\t\t<\/div>\n\t\t<\/section>\n\t\t\t\t<section class=\"elementor-section elementor-top-section elementor-element elementor-element-3a66aa2 elementor-section-boxed elementor-section-height-default elementor-section-height-default\" data-id=\"3a66aa2\" data-element_type=\"section\">\n\t\t\t\t\t\t<div class=\"elementor-container elementor-column-gap-default\">\n\t\t\t\t\t\t\t<div class=\"elementor-row\">\n\t\t\t\t\t<div class=\"elementor-column elementor-col-100 elementor-top-column elementor-element elementor-element-65b5aab\" data-id=\"65b5aab\" data-element_type=\"column\">\n\t\t\t<div class=\"elementor-column-wrap elementor-element-populated\">\n\t\t\t\t\t\t\t<div class=\"elementor-widget-wrap\">\n\t\t\t\t\t\t<section class=\"elementor-section elementor-inner-section elementor-element elementor-element-af024e6 elementor-section-boxed elementor-section-height-default elementor-section-height-default\" data-id=\"af024e6\" data-element_type=\"section\">\n\t\t\t\t\t\t<div class=\"elementor-container elementor-column-gap-default\">\n\t\t\t\t\t\t\t<div class=\"elementor-row\">\n\t\t\t\t\t<div class=\"elementor-column elementor-col-50 elementor-inner-column elementor-element elementor-element-71c3444\" data-id=\"71c3444\" data-element_type=\"column\">\n\t\t\t<div class=\"elementor-column-wrap elementor-element-populated\">\n\t\t\t\t\t\t\t<div class=\"elementor-widget-wrap\">\n\t\t\t\t\t\t<div class=\"elementor-element elementor-element-8b268f8 elementor-widget elementor-widget-text-editor\" data-id=\"8b268f8\" data-element_type=\"widget\" data-widget_type=\"text-editor.default\">\n\t\t\t\t<div class=\"elementor-widget-container\">\n\t\t\t\t\t<div class=\"elementor-text-editor elementor-clearfix\"><p><strong>COCO-MAT \u2013 nukkumismukavuus<\/strong><\/p><p><strong>Omega Plataniaksessa <\/strong>hyv\u00e4\u00e4 ja laadukasta unta pidet\u00e4\u00e4n yhten\u00e4 hotellin t\u00e4rkeimmist\u00e4 palveluista mink\u00e4 vuoksi huoneemme on varusteltu k\u00e4sintehdyill\u00e4 ja luonnonmateriaaleista valmistetuilla <strong>COCO-MAT patjoilla ja tyynyill\u00e4<\/strong>.<\/p><p>Ne on suunniteltu erityisesti Omega Plataniaksen vieraiden p\u00e4ivitt\u00e4isiin tarpeisiin ja sopivat korkeatasoiseen majoitukseen ja nukkumiskokemukseen.<\/p><p>Omega Platanias tarjoaa COCO-MAT tyynyj\u00e4, jotka sopivat niin nukkumiseen, lukemiseen kuin rentoutumiseenkin ja tarjoavat rauhallisen y\u00f6unen.<\/p><p>Lis\u00e4tietoa osoitteessa www.coco-mat.com<\/p><p class=\"cocomat-txt\">Voit vierailla<a href=\"https:\/\/www.coco-mat.com\" target=\"_blank\" rel=\"noopener\"> www.coco-mat.com<\/a> lis\u00e4\u00e4<\/p><\/div>\n\t\t\t\t<\/div>\n\t\t\t\t<\/div>\n\t\t\t\t\t\t<\/div>\n\t\t\t\t\t<\/div>\n\t\t<\/div>\n\t\t\t\t<div class=\"elementor-column elementor-col-50 elementor-inner-column elementor-element elementor-element-f3cfe60\" data-id=\"f3cfe60\" data-element_type=\"column\">\n\t\t\t<div class=\"elementor-column-wrap elementor-element-populated\">\n\t\t\t\t\t\t\t<div class=\"elementor-widget-wrap\">\n\t\t\t\t\t\t<div class=\"elementor-element elementor-element-754aa01 elementor-widget elementor-widget-image\" data-id=\"754aa01\" data-element_type=\"widget\" data-settings=\"{&quot;_animation&quot;:&quot;none&quot;}\" data-widget_type=\"image.default\">\n\t\t\t\t<div class=\"elementor-widget-container\">\n\t\t\t\t\t<div class=\"elementor-image\">\n\t\t\t\t\t\t\t\t\t\t<img loading=\"lazy\" decoding=\"async\" width=\"1484\" height=\"1501\" src=\"https:\/\/www.omegaplatanias.gr\/wp-content\/uploads\/2021\/09\/logo-COCO-MAT-1.png\" class=\"attachment-full size-full\" alt=\"\" srcset=\"https:\/\/www.omegaplatanias.gr\/wp-content\/uploads\/2021\/09\/logo-COCO-MAT-1.png 1484w, https:\/\/www.omegaplatanias.gr\/wp-content\/uploads\/2021\/09\/logo-COCO-MAT-1-297x300.png 297w, https:\/\/www.omegaplatanias.gr\/wp-content\/uploads\/2021\/09\/logo-COCO-MAT-1-1012x1024.png 1012w, https:\/\/www.omegaplatanias.gr\/wp-content\/uploads\/2021\/09\/logo-COCO-MAT-1-768x777.png 768w\" sizes=\"auto, (max-width: 1484px) 100vw, 1484px\" \/>\t\t\t\t\t\t\t\t\t\t\t<\/div>\n\t\t\t\t<\/div>\n\t\t\t\t<\/div>\n\t\t\t\t\t\t<\/div>\n\t\t\t\t\t<\/div>\n\t\t<\/div>\n\t\t\t\t\t\t\t\t<\/div>\n\t\t\t\t\t<\/div>\n\t\t<\/section>\n\t\t\t\t\t\t<\/div>\n\t\t\t\t\t<\/div>\n\t\t<\/div>\n\t\t\t\t\t\t\t\t<\/div>\n\t\t\t\t\t<\/div>\n\t\t<\/section>\n\t\t\t\t\t\t<\/div>\n\t\t\t\t\t\t<\/div>\n\t\t\t\t\t<\/div>\n\t\t","protected":false},"excerpt":{"rendered":"<p>COCO-MAT COCO-MAT \u2013 nukkumismukavuus Omega Plataniaksessa hyv\u00e4\u00e4 ja laadukasta unta pidet\u00e4\u00e4n yhten\u00e4 hotellin t\u00e4rkeimmist\u00e4 palveluista mink\u00e4 vuoksi huoneemme on varusteltu k\u00e4sintehdyill\u00e4 ja luonnonmateriaaleista valmistetuilla COCO-MAT patjoilla ja tyynyill\u00e4. Ne on suunniteltu erityisesti Omega Plataniaksen vieraiden p\u00e4ivitt\u00e4isiin tarpeisiin ja sopivat korkeatasoiseen majoitukseen ja nukkumiskokemukseen. Omega Platanias tarjoaa COCO-MAT tyynyj\u00e4, jotka sopivat niin nukkumiseen, lukemiseen kuin rentoutumiseenkin &hellip;<\/p>\n<p class=\"read-more\"> <a class=\"\" href=\"https:\/\/www.omegaplatanias.gr\/fi\/coco-mat\/\"> <span class=\"screen-reader-text\">Coco-mat fi<\/span> Lue lis\u00e4\u00e4 &raquo;<\/a><\/p>\n","protected":false},"author":1,"featured_media":0,"parent":0,"menu_order":0,"comment_status":"closed","ping_status":"closed","template":"","meta":{"footnotes":""},"class_list":["post-5116","page","type-page","status-publish","hentry"],"_links":{"self":[{"href":"https:\/\/www.omegaplatanias.gr\/fi\/wp-json\/wp\/v2\/pages\/5116","targetHints":{"allow":["GET"]}}],"collection":[{"href":"https:\/\/www.omegaplatanias.gr\/fi\/wp-json\/wp\/v2\/pages"}],"about":[{"href":"https:\/\/www.omegaplatanias.gr\/fi\/wp-json\/wp\/v2\/types\/page"}],"author":[{"embeddable":true,"href":"https:\/\/www.omegaplatanias.gr\/fi\/wp-json\/wp\/v2\/users\/1"}],"replies":[{"embeddable":true,"href":"https:\/\/www.omegaplatanias.gr\/fi\/wp-json\/wp\/v2\/comments?post=5116"}],"version-history":[{"count":4,"href":"https:\/\/www.omegaplatanias.gr\/fi\/wp-json\/wp\/v2\/pages\/5116\/revisions"}],"predecessor-version":[{"id":5148,"href":"https:\/\/www.omegaplatanias.gr\/fi\/wp-json\/wp\/v2\/pages\/5116\/revisions\/5148"}],"wp:attachment":[{"href":"https:\/\/www.omegaplatanias.gr\/fi\/wp-json\/wp\/v2\/media?parent=5116"}],"curies":[{"name":"wp","href":"https:\/\/api.w.org\/{rel}","templated":true}]}}